{"id":1636,"date":"2023-12-10T13:30:23","date_gmt":"2023-12-10T12:30:23","guid":{"rendered":"https:\/\/intuitiweb.cz\/nacharakteruzalezi\/?page_id=1636"},"modified":"2023-12-10T13:30:23","modified_gmt":"2023-12-10T12:30:23","slug":"formular-pro-zajemce-o-clenstvi-pravnicke-osoby","status":"publish","type":"page","link":"https:\/\/intuitiweb.cz\/nacharakteruzalezi\/formular-pro-zajemce-o-clenstvi-pravnicke-osoby\/","title":{"rendered":"Formul\u00e1\u0159 pro z\u00e1jemce o \u010dlenstv\u00ed &#8211; pr\u00e1vnick\u00e9 osoby"},"content":{"rendered":"\n<p>Odesl\u00e1n\u00edm tohoto formul\u00e1\u0159e souhlas\u00edm se zpracov\u00e1n\u00edm poskytnut\u00fdch osobn\u00edch \u00fadaj\u016f Centrem rozvoje charakteru, z.\u00fa., I\u010cO: 17233721, se s\u00eddlem M\u00edrov\u00e9 n\u00e1m\u011bst\u00ed 110, 550 01 Broumov, jako spr\u00e1vcem osobn\u00edch \u00fadaj\u016f, dle z\u00e1kona \u010d. 101\/2000 Sb. o ochran\u011b osobn\u00edch \u00fadaj\u016f a podle po\u017eadavk\u016f Na\u0159\u00edzen\u00ed Evropsk\u00e9ho parlamentu a Rady (EU) \u010d.2016\/679, kter\u00e9 zaji\u0161\u0165uje evidenci \u00fadaj\u016f o \u00fa\u010dastn\u00edc\u00edch pro pot\u0159eby Platformy &#8222;Na charakteru z\u00e1le\u017e\u00ed&#8220;.<\/p>\n\n\n<div class=\"wpforms-container wpforms-block wpforms-block-1833c1a1-88d9-4607-aa7e-6347bad518cd\" id=\"wpforms-1625\"><form id=\"wpforms-form-1625\" class=\"wpforms-validate wpforms-form wpforms-ajax-form\" data-formid=\"1625\" method=\"post\" enctype=\"multipart\/form-data\" action=\"\/nacharakteruzalezi\/wp-json\/wp\/v2\/pages\/1636\" data-token=\"15ead6df18e0195cc5135c5ed9a17602\"><noscript class=\"wpforms-error-noscript\">Chcete-li vyplnit tento formul\u00e1\u0159, pros\u00edm povolte v prohl\u00ed\u017ee\u010di JavaScript.<\/noscript><div class=\"wpforms-field-container\"><div id=\"wpforms-1625-field_1-container\" class=\"wpforms-field wpforms-field-email\" data-field-id=\"1\"><label class=\"wpforms-field-label\" for=\"wpforms-1625-field_1\">E-mail <span class=\"wpforms-required-label\">*<\/span><\/label><input type=\"email\" id=\"wpforms-1625-field_1\" class=\"wpforms-field-medium wpforms-field-required\" name=\"wpforms[fields][1]\" placeholder=\"mujemail@example.com\" spellcheck=\"false\" required><\/div><div id=\"wpforms-1625-field_3-container\" class=\"wpforms-field wpforms-field-text\" data-field-id=\"3\"><label class=\"wpforms-field-label\" for=\"wpforms-1625-field_3\">N\u00e1zev organizace: <span class=\"wpforms-required-label\">*<\/span><\/label><input type=\"text\" id=\"wpforms-1625-field_3\" class=\"wpforms-field-medium wpforms-field-required\" name=\"wpforms[fields][3]\" required><\/div><div id=\"wpforms-1625-field_4-container\" class=\"wpforms-field wpforms-field-text\" data-field-id=\"4\"><label class=\"wpforms-field-label\" for=\"wpforms-1625-field_4\">I\u010cO:  <span class=\"wpforms-required-label\">*<\/span><\/label><input type=\"text\" id=\"wpforms-1625-field_4\" class=\"wpforms-field-medium wpforms-field-required wpforms-masked-input\" data-rule-inputmask-incomplete=\"1\" data-inputmask-mask=\"99999999\" name=\"wpforms[fields][4]\" required><\/div><div id=\"wpforms-1625-field_5-container\" class=\"wpforms-field wpforms-field-name\" data-field-id=\"5\"><label class=\"wpforms-field-label\" for=\"wpforms-1625-field_5\">Jednac\u00ed osoba (jm\u00e9no, p\u0159ijmen\u00ed, titul) <span class=\"wpforms-required-label\">*<\/span><\/label><input type=\"text\" id=\"wpforms-1625-field_5\" class=\"wpforms-field-medium wpforms-field-required\" name=\"wpforms[fields][5]\" required><\/div><div id=\"wpforms-1625-field_6-container\" class=\"wpforms-field wpforms-field-text\" data-field-id=\"6\"><label class=\"wpforms-field-label\" for=\"wpforms-1625-field_6\">Telefonn\u00ed \u010d\u00edslo: <span class=\"wpforms-required-label\">*<\/span><\/label><input type=\"text\" id=\"wpforms-1625-field_6\" class=\"wpforms-field-medium wpforms-field-required wpforms-masked-input\" data-rule-inputmask-incomplete=\"1\" data-inputmask-mask=\"+420 999 999 999\" name=\"wpforms[fields][6]\" value=\"+420 999 999 999\" required><\/div><div id=\"wpforms-1625-field_7-container\" class=\"wpforms-field wpforms-field-text\" data-field-id=\"7\"><label class=\"wpforms-field-label\" for=\"wpforms-1625-field_7\">Webov\u00e9 str\u00e1nky:<\/label><input type=\"text\" id=\"wpforms-1625-field_7\" class=\"wpforms-field-medium\" name=\"wpforms[fields][7]\" value=\"nasedomena.cz\" ><\/div><div id=\"wpforms-1625-field_8-container\" class=\"wpforms-field wpforms-field-textarea\" data-field-id=\"8\"><label class=\"wpforms-field-label\" for=\"wpforms-1625-field_8\">Jak se va\u0161e organizace pod\u00edl\u00ed na rozvoji charakteru?  <span class=\"wpforms-required-label\">*<\/span><\/label><textarea id=\"wpforms-1625-field_8\" class=\"wpforms-field-medium wpforms-field-required\" name=\"wpforms[fields][8]\" required><\/textarea><\/div><\/div><!-- .wpforms-field-container --><div class=\"wpforms-submit-container\" ><input type=\"hidden\" name=\"wpforms[id]\" value=\"1625\"><input type=\"hidden\" name=\"wpforms[author]\" value=\"1\"><button type=\"submit\" name=\"wpforms[submit]\" id=\"wpforms-submit-1625\" class=\"wpforms-submit\" data-alt-text=\"Odes\u00edl\u00e1ni...\" data-submit-text=\"Odeslat\" aria-live=\"assertive\" value=\"wpforms-submit\">Odeslat<\/button><img decoding=\"async\" src=\"https:\/\/intuitiweb.cz\/nacharakteruzalezi\/wp-content\/plugins\/wpforms-lite\/assets\/images\/submit-spin.svg\" class=\"wpforms-submit-spinner\" style=\"display: none;\" width=\"26\" height=\"26\" alt=\"Na\u010d\u00edt\u00e1n\u00ed\"><\/div><\/form><\/div>  <!-- .wpforms-container -->","protected":false},"excerpt":{"rendered":"<p>Odesl\u00e1n\u00edm tohoto formul\u00e1\u0159e souhlas\u00edm se zpracov\u00e1n\u00edm poskytnut\u00fdch osobn\u00edch \u00fadaj\u016f Centrem rozvoje charakteru, z.\u00fa., I\u010cO: 17233721, se s\u00eddlem M\u00edrov\u00e9 n\u00e1m\u011bst\u00ed 110, 550 01 Broumov, jako spr\u00e1vcem osobn\u00edch \u00fadaj\u016f, dle z\u00e1kona \u010d. 101\/2000 Sb. o ochran\u011b osobn\u00edch \u00fadaj\u016f a podle po\u017eadavk\u016f Na\u0159\u00edzen\u00ed Evropsk\u00e9ho parlamentu a Rady (EU) \u010d.2016\/679, kter\u00e9 zaji\u0161\u0165uje evidenci \u00fadaj\u016f o \u00fa\u010dastn\u00edc\u00edch pro pot\u0159eby Platformy &hellip;<\/p>\n<p class=\"read-more\"> <a class=\"\" href=\"https:\/\/intuitiweb.cz\/nacharakteruzalezi\/formular-pro-zajemce-o-clenstvi-pravnicke-osoby\/\"> <span class=\"screen-reader-text\">Formul\u00e1\u0159 pro z\u00e1jemce o \u010dlenstv\u00ed &#8211; pr\u00e1vnick\u00e9 osoby<\/span> Pokra\u010dovat ve \u010dten\u00ed &raquo;<\/a><\/p>\n","protected":false},"author":1,"featured_media":0,"parent":0,"menu_order":0,"comment_status":"closed","ping_status":"closed","template":"","meta":{"site-sidebar-layout":"default","site-content-layout":"","ast-site-content-layout":"default","site-content-style":"default","site-sidebar-style":"default","ast-global-header-display":"","ast-banner-title-visibility":"","ast-main-header-display":"","ast-hfb-above-header-display":"","ast-hfb-below-header-display":"","ast-hfb-mobile-header-display":"","site-post-title":"","ast-breadcrumbs-content":"","ast-featured-img":"","footer-sml-layout":"","theme-transparent-header-meta":"","adv-header-id-meta":"","stick-header-meta":"","header-above-stick-meta":"","header-main-stick-meta":"","header-below-stick-meta":"","astra-migrate-meta-layouts":"set","ast-page-background-enabled":"default","ast-page-background-meta":{"desktop":{"background-color":"var(--ast-global-color-4)","background-image":"","background-repeat":"repeat","background-position":"center center","background-size":"auto","background-attachment":"scroll","background-type":"","background-media":"","overlay-type":"","overlay-color":"","overlay-gradient":""},"tablet":{"background-color":"","background-image":"","background-repeat":"repeat","background-position":"center center","background-size":"auto","background-attachment":"scroll","background-type":"","background-media":"","overlay-type":"","overlay-color":"","overlay-gradient":""},"mobile":{"background-color":"","background-image":"","background-repeat":"repeat","background-position":"center center","background-size":"auto","background-attachment":"scroll","background-type":"","background-media":"","overlay-type":"","overlay-color":"","overlay-gradient":""}},"ast-content-background-meta":{"desktop":{"background-color":"var(--ast-global-color-5)","background-image":"","background-repeat":"repeat","background-position":"center center","background-size":"auto","background-attachment":"scroll","background-type":"","background-media":"","overlay-type":"","overlay-color":"","overlay-gradient":""},"tablet":{"background-color":"var(--ast-global-color-5)","background-image":"","background-repeat":"repeat","background-position":"center center","background-size":"auto","background-attachment":"scroll","background-type":"","background-media":"","overlay-type":"","overlay-color":"","overlay-gradient":""},"mobile":{"background-color":"var(--ast-global-color-5)","background-image":"","background-repeat":"repeat","background-position":"center center","background-size":"auto","background-attachment":"scroll","background-type":"","background-media":"","overlay-type":"","overlay-color":"","overlay-gradient":""}},"footnotes":""},"class_list":["post-1636","page","type-page","status-publish","hentry"],"_links":{"self":[{"href":"https:\/\/intuitiweb.cz\/nacharakteruzalezi\/wp-json\/wp\/v2\/pages\/1636","targetHints":{"allow":["GET"]}}],"collection":[{"href":"https:\/\/intuitiweb.cz\/nacharakteruzalezi\/wp-json\/wp\/v2\/pages"}],"about":[{"href":"https:\/\/intuitiweb.cz\/nacharakteruzalezi\/wp-json\/wp\/v2\/types\/page"}],"author":[{"embeddable":true,"href":"https:\/\/intuitiweb.cz\/nacharakteruzalezi\/wp-json\/wp\/v2\/users\/1"}],"replies":[{"embeddable":true,"href":"https:\/\/intuitiweb.cz\/nacharakteruzalezi\/wp-json\/wp\/v2\/comments?post=1636"}],"version-history":[{"count":1,"href":"https:\/\/intuitiweb.cz\/nacharakteruzalezi\/wp-json\/wp\/v2\/pages\/1636\/revisions"}],"predecessor-version":[{"id":1637,"href":"https:\/\/intuitiweb.cz\/nacharakteruzalezi\/wp-json\/wp\/v2\/pages\/1636\/revisions\/1637"}],"wp:attachment":[{"href":"https:\/\/intuitiweb.cz\/nacharakteruzalezi\/wp-json\/wp\/v2\/media?parent=1636"}],"curies":[{"name":"wp","href":"https:\/\/api.w.org\/{rel}","templated":true}]}}